{"id":5264,"date":"2021-06-30T13:37:10","date_gmt":"2021-06-30T11:37:10","guid":{"rendered":"http:\/\/medapp.lunible.com\/?page_id=5264"},"modified":"2023-11-30T14:26:03","modified_gmt":"2023-11-30T13:26:03","slug":"5264-2","status":"publish","type":"page","link":"https:\/\/medapp.pl\/de\/5264-2\/","title":{"rendered":"Gesellschaftsorgane"},"content":{"rendered":"","protected":false},"excerpt":{"rendered":"<p> [&#8230;]<\/p>\n<p><a class=\"btn btn-secondary understrap-read-more-link\" href=\"https:\/\/medapp.pl\/de\/5264-2\/\">Read More&#8230;<\/a><\/p>\n","protected":false},"author":9,"featured_media":0,"parent":0,"menu_order":0,"comment_status":"closed","ping_status":"closed","template":"page-templates\/company-authorities.php","meta":[],"acf":[],"yoast_head":"<!-- This site is optimized with the Yoast SEO plugin v19.6 - https:\/\/yoast.com\/wordpress\/plugins\/seo\/ -->\n<title>Gesellschaftsorgane - MedApp<\/title>\n<meta name=\"robots\" content=\"index, follow, max-snippet:-1, max-image-preview:large, max-video-preview:-1\" \/>\n<link rel=\"canonical\" href=\"https:\/\/medapp.pl\/de\/5264-2\/\" \/>\n<meta property=\"og:locale\" content=\"de_DE\" \/>\n<meta property=\"og:type\" content=\"article\" \/>\n<meta property=\"og:title\" content=\"Gesellschaftsorgane - MedApp\" \/>\n<meta property=\"og:description\" content=\"[...]Read More...\" \/>\n<meta property=\"og:url\" content=\"https:\/\/medapp.pl\/de\/5264-2\/\" \/>\n<meta property=\"og:site_name\" content=\"MedApp\" \/>\n<meta property=\"article:publisher\" content=\"https:\/\/www.facebook.com\/MedAppSA\/\" \/>\n<meta property=\"article:modified_time\" content=\"2023-11-30T13:26:03+00:00\" \/>\n<meta name=\"twitter:card\" content=\"summary_large_image\" \/>\n<script type=\"application\/ld+json\" class=\"yoast-schema-graph\">{\"@context\":\"https:\/\/schema.org\",\"@graph\":[{\"@type\":\"WebPage\",\"@id\":\"https:\/\/medapp.pl\/de\/5264-2\/\",\"url\":\"https:\/\/medapp.pl\/de\/5264-2\/\",\"name\":\"Gesellschaftsorgane - MedApp\",\"isPartOf\":{\"@id\":\"https:\/\/medapp.pl\/en\/#website\"},\"datePublished\":\"2021-06-30T11:37:10+00:00\",\"dateModified\":\"2023-11-30T13:26:03+00:00\",\"breadcrumb\":{\"@id\":\"https:\/\/medapp.pl\/de\/5264-2\/#breadcrumb\"},\"inLanguage\":\"de\",\"potentialAction\":[{\"@type\":\"ReadAction\",\"target\":[\"https:\/\/medapp.pl\/de\/5264-2\/\"]}]},{\"@type\":\"BreadcrumbList\",\"@id\":\"https:\/\/medapp.pl\/de\/5264-2\/#breadcrumb\",\"itemListElement\":[{\"@type\":\"ListItem\",\"position\":1,\"name\":\"Strona g\u0142\u00f3wna\",\"item\":\"https:\/\/medapp.pl\/de\/\"},{\"@type\":\"ListItem\",\"position\":2,\"name\":\"Gesellschaftsorgane\"}]},{\"@type\":\"WebSite\",\"@id\":\"https:\/\/medapp.pl\/en\/#website\",\"url\":\"https:\/\/medapp.pl\/en\/\",\"name\":\"MedApp\",\"description\":\"Tworzymy przysz\u0142o\u015b\u0107\u00a0medycyny\",\"publisher\":{\"@id\":\"https:\/\/medapp.pl\/en\/#organization\"},\"potentialAction\":[{\"@type\":\"SearchAction\",\"target\":{\"@type\":\"EntryPoint\",\"urlTemplate\":\"https:\/\/medapp.pl\/en\/?s={search_term_string}\"},\"query-input\":\"required name=search_term_string\"}],\"inLanguage\":\"de\"},{\"@type\":\"Organization\",\"@id\":\"https:\/\/medapp.pl\/en\/#organization\",\"name\":\"MedApp\",\"url\":\"https:\/\/medapp.pl\/en\/\",\"sameAs\":[\"https:\/\/www.linkedin.com\/company\/medappsa\",\"https:\/\/www.youtube.com\/channel\/UC3iPN1v3bdOtaGiCt2fTQ9Q\",\"https:\/\/www.facebook.com\/MedAppSA\/\"],\"logo\":{\"@type\":\"ImageObject\",\"inLanguage\":\"de\",\"@id\":\"https:\/\/medapp.pl\/en\/#\/schema\/logo\/image\/\",\"url\":\"https:\/\/medapp.pl\/wp-content\/uploads\/2021\/07\/medapp.png\",\"contentUrl\":\"https:\/\/medapp.pl\/wp-content\/uploads\/2021\/07\/medapp.png\",\"width\":470,\"height\":170,\"caption\":\"MedApp\"},\"image\":{\"@id\":\"https:\/\/medapp.pl\/en\/#\/schema\/logo\/image\/\"}}]}<\/script>\n<!-- \/ Yoast SEO plugin. -->","yoast_head_json":{"title":"Gesellschaftsorgane - MedApp","robots":{"index":"index","follow":"follow","max-snippet":"max-snippet:-1","max-image-preview":"max-image-preview:large","max-video-preview":"max-video-preview:-1"},"canonical":"https:\/\/medapp.pl\/de\/5264-2\/","og_locale":"de_DE","og_type":"article","og_title":"Gesellschaftsorgane - MedApp","og_description":"[...]Read More...","og_url":"https:\/\/medapp.pl\/de\/5264-2\/","og_site_name":"MedApp","article_publisher":"https:\/\/www.facebook.com\/MedAppSA\/","article_modified_time":"2023-11-30T13:26:03+00:00","twitter_card":"summary_large_image","schema":{"@context":"https:\/\/schema.org","@graph":[{"@type":"WebPage","@id":"https:\/\/medapp.pl\/de\/5264-2\/","url":"https:\/\/medapp.pl\/de\/5264-2\/","name":"Gesellschaftsorgane - MedApp","isPartOf":{"@id":"https:\/\/medapp.pl\/en\/#website"},"datePublished":"2021-06-30T11:37:10+00:00","dateModified":"2023-11-30T13:26:03+00:00","breadcrumb":{"@id":"https:\/\/medapp.pl\/de\/5264-2\/#breadcrumb"},"inLanguage":"de","potentialAction":[{"@type":"ReadAction","target":["https:\/\/medapp.pl\/de\/5264-2\/"]}]},{"@type":"BreadcrumbList","@id":"https:\/\/medapp.pl\/de\/5264-2\/#breadcrumb","itemListElement":[{"@type":"ListItem","position":1,"name":"Strona g\u0142\u00f3wna","item":"https:\/\/medapp.pl\/de\/"},{"@type":"ListItem","position":2,"name":"Gesellschaftsorgane"}]},{"@type":"WebSite","@id":"https:\/\/medapp.pl\/en\/#website","url":"https:\/\/medapp.pl\/en\/","name":"MedApp","description":"Tworzymy przysz\u0142o\u015b\u0107\u00a0medycyny","publisher":{"@id":"https:\/\/medapp.pl\/en\/#organization"},"potentialAction":[{"@type":"SearchAction","target":{"@type":"EntryPoint","urlTemplate":"https:\/\/medapp.pl\/en\/?s={search_term_string}"},"query-input":"required name=search_term_string"}],"inLanguage":"de"},{"@type":"Organization","@id":"https:\/\/medapp.pl\/en\/#organization","name":"MedApp","url":"https:\/\/medapp.pl\/en\/","sameAs":["https:\/\/www.linkedin.com\/company\/medappsa","https:\/\/www.youtube.com\/channel\/UC3iPN1v3bdOtaGiCt2fTQ9Q","https:\/\/www.facebook.com\/MedAppSA\/"],"logo":{"@type":"ImageObject","inLanguage":"de","@id":"https:\/\/medapp.pl\/en\/#\/schema\/logo\/image\/","url":"https:\/\/medapp.pl\/wp-content\/uploads\/2021\/07\/medapp.png","contentUrl":"https:\/\/medapp.pl\/wp-content\/uploads\/2021\/07\/medapp.png","width":470,"height":170,"caption":"MedApp"},"image":{"@id":"https:\/\/medapp.pl\/en\/#\/schema\/logo\/image\/"}}]}},"_links":{"self":[{"href":"https:\/\/medapp.pl\/de\/wp-json\/wp\/v2\/pages\/5264"}],"collection":[{"href":"https:\/\/medapp.pl\/de\/wp-json\/wp\/v2\/pages"}],"about":[{"href":"https:\/\/medapp.pl\/de\/wp-json\/wp\/v2\/types\/page"}],"author":[{"embeddable":true,"href":"https:\/\/medapp.pl\/de\/wp-json\/wp\/v2\/users\/9"}],"replies":[{"embeddable":true,"href":"https:\/\/medapp.pl\/de\/wp-json\/wp\/v2\/comments?post=5264"}],"version-history":[{"count":9,"href":"https:\/\/medapp.pl\/de\/wp-json\/wp\/v2\/pages\/5264\/revisions"}],"predecessor-version":[{"id":9426,"href":"https:\/\/medapp.pl\/de\/wp-json\/wp\/v2\/pages\/5264\/revisions\/9426"}],"wp:attachment":[{"href":"https:\/\/medapp.pl\/de\/wp-json\/wp\/v2\/media?parent=5264"}],"curies":[{"name":"wp","href":"https:\/\/api.w.org\/{rel}","templated":true}]}}