{"id":5316,"date":"2021-06-30T14:58:26","date_gmt":"2021-06-30T12:58:26","guid":{"rendered":"http:\/\/medapp.lunible.com\/?page_id=5316"},"modified":"2022-05-26T17:12:52","modified_gmt":"2022-05-26T15:12:52","slug":"5316-2","status":"publish","type":"page","link":"https:\/\/medapp.pl\/de\/5316-2\/","title":{"rendered":"Forschungs- und Entwicklungsprojekte finanzierte von der Europ\u00e4ischen Union"},"content":{"rendered":"<p><strong>Die Durchf\u00fchrung von Forschungsarbeiten tr\u00e4gt direkt zur Entwicklung unserer L\u00f6sungen bei und wirkt sich auch auf die Wettbewerbsf\u00e4higkeit von MedApp auf demMarkt f\u00fcr neue Technologien aus.<\/strong><\/p>\n<p>Wir beteiligen uns an den FuE-Projekten, weil sie uns die M\u00f6glichkeit geben, die Entwicklung des Unternehmens in wissenschaftlicher und technischer Hinsicht zu unterst\u00fctzen. Die Durchf\u00fchrung von Forschungsarbeiten tr\u00e4gt direkt zur Entwicklung unserer L\u00f6sungen bei und wirkt sich auch auf die Wettbewerbsf\u00e4higkeit von MedApp auf dem Markt f\u00fcr neue Technologien aus.<\/p>\n<p>Wir sind der Ansicht, dass es unsere Pflicht ist, die Entwicklung von Wissenschaft und Technologie zu unterst\u00fctzen. Aus diesem Grund wollen wir unser Wissen erweitern und unsere Erfahrungen teilen. MedApp ist ein Technologieunternehmen, das durch eine enge Zusammenarbeit mit der Wissenschaftt entstanden ist. Daher istes f\u00fcr uns wichtig, diesen Weg fortzuf\u00fchren und dieses Modell der Zusammenarbeit zu f\u00f6rdern.<\/p>\n","protected":false},"excerpt":{"rendered":"<p>Die Durchf\u00fchrung von Forschungsarbeiten tr\u00e4gt direkt zur Entwicklung unserer L\u00f6sungen bei und wirkt sich auch auf die Wettbewerbsf\u00e4higkeit von MedApp auf demMarkt f\u00fcr neue Technologien aus. Wir beteiligen uns an den FuE-Projekten, weil sie uns die M\u00f6glichkeit geben, die Entwicklung des Unternehmens in wissenschaftlicher und technischer Hinsicht zu unterst\u00fctzen. Die Durchf\u00fchrung von Forschungsarbeiten tr\u00e4gt direkt [&#8230;]<\/p>\n<p><a class=\"btn btn-secondary understrap-read-more-link\" href=\"https:\/\/medapp.pl\/de\/5316-2\/\">Read More&#8230;<\/a><\/p>\n","protected":false},"author":9,"featured_media":3616,"parent":0,"menu_order":0,"comment_status":"closed","ping_status":"closed","template":"page-templates\/projects.php","meta":[],"acf":[],"yoast_head":"<!-- This site is optimized with the Yoast SEO plugin v19.6 - https:\/\/yoast.com\/wordpress\/plugins\/seo\/ -->\n<title>Forschungs- und Entwicklungsprojekte finanzierte von der Europ\u00e4ischen Union - MedApp<\/title>\n<meta name=\"robots\" content=\"index, follow, max-snippet:-1, max-image-preview:large, max-video-preview:-1\" \/>\n<link rel=\"canonical\" href=\"https:\/\/medapp.pl\/de\/5316-2\/\" \/>\n<meta property=\"og:locale\" content=\"de_DE\" \/>\n<meta property=\"og:type\" content=\"article\" \/>\n<meta property=\"og:title\" content=\"Forschungs- und Entwicklungsprojekte finanzierte von der Europ\u00e4ischen Union - MedApp\" \/>\n<meta property=\"og:description\" content=\"Die Durchf\u00fchrung von Forschungsarbeiten tr\u00e4gt direkt zur Entwicklung unserer L\u00f6sungen bei und wirkt sich auch auf die Wettbewerbsf\u00e4higkeit von MedApp auf demMarkt f\u00fcr neue Technologien aus. Wir beteiligen uns an den FuE-Projekten, weil sie uns die M\u00f6glichkeit geben, die Entwicklung des Unternehmens in wissenschaftlicher und technischer Hinsicht zu unterst\u00fctzen. Die Durchf\u00fchrung von Forschungsarbeiten tr\u00e4gt direkt [...]Read More...\" \/>\n<meta property=\"og:url\" content=\"https:\/\/medapp.pl\/de\/5316-2\/\" \/>\n<meta property=\"og:site_name\" content=\"MedApp\" \/>\n<meta property=\"article:publisher\" content=\"https:\/\/www.facebook.com\/MedAppSA\/\" \/>\n<meta property=\"article:modified_time\" content=\"2022-05-26T15:12:52+00:00\" \/>\n<meta property=\"og:image\" content=\"https:\/\/medapp.pl\/wp-content\/uploads\/2021\/06\/Group-1087-min.png\" \/>\n\t<meta property=\"og:image:width\" content=\"1180\" \/>\n\t<meta property=\"og:image:height\" content=\"1006\" \/>\n\t<meta property=\"og:image:type\" content=\"image\/png\" \/>\n<meta name=\"twitter:card\" content=\"summary_large_image\" \/>\n<meta name=\"twitter:label1\" content=\"Gesch\u00e4tzte Lesezeit\" \/>\n\t<meta name=\"twitter:data1\" content=\"1\u00a0Minute\" \/>\n<script type=\"application\/ld+json\" class=\"yoast-schema-graph\">{\"@context\":\"https:\/\/schema.org\",\"@graph\":[{\"@type\":\"WebPage\",\"@id\":\"https:\/\/medapp.pl\/de\/5316-2\/\",\"url\":\"https:\/\/medapp.pl\/de\/5316-2\/\",\"name\":\"Forschungs- und Entwicklungsprojekte finanzierte von der Europ\u00e4ischen Union - MedApp\",\"isPartOf\":{\"@id\":\"https:\/\/medapp.pl\/en\/#website\"},\"datePublished\":\"2021-06-30T12:58:26+00:00\",\"dateModified\":\"2022-05-26T15:12:52+00:00\",\"breadcrumb\":{\"@id\":\"https:\/\/medapp.pl\/de\/5316-2\/#breadcrumb\"},\"inLanguage\":\"de\",\"potentialAction\":[{\"@type\":\"ReadAction\",\"target\":[\"https:\/\/medapp.pl\/de\/5316-2\/\"]}]},{\"@type\":\"BreadcrumbList\",\"@id\":\"https:\/\/medapp.pl\/de\/5316-2\/#breadcrumb\",\"itemListElement\":[{\"@type\":\"ListItem\",\"position\":1,\"name\":\"Strona g\u0142\u00f3wna\",\"item\":\"https:\/\/medapp.pl\/de\/\"},{\"@type\":\"ListItem\",\"position\":2,\"name\":\"Forschungs- und Entwicklungsprojekte finanzierte von der Europ\u00e4ischen Union\"}]},{\"@type\":\"WebSite\",\"@id\":\"https:\/\/medapp.pl\/en\/#website\",\"url\":\"https:\/\/medapp.pl\/en\/\",\"name\":\"MedApp\",\"description\":\"Tworzymy przysz\u0142o\u015b\u0107\u00a0medycyny\",\"publisher\":{\"@id\":\"https:\/\/medapp.pl\/en\/#organization\"},\"potentialAction\":[{\"@type\":\"SearchAction\",\"target\":{\"@type\":\"EntryPoint\",\"urlTemplate\":\"https:\/\/medapp.pl\/en\/?s={search_term_string}\"},\"query-input\":\"required name=search_term_string\"}],\"inLanguage\":\"de\"},{\"@type\":\"Organization\",\"@id\":\"https:\/\/medapp.pl\/en\/#organization\",\"name\":\"MedApp\",\"url\":\"https:\/\/medapp.pl\/en\/\",\"sameAs\":[\"https:\/\/www.linkedin.com\/company\/medappsa\",\"https:\/\/www.youtube.com\/channel\/UC3iPN1v3bdOtaGiCt2fTQ9Q\",\"https:\/\/www.facebook.com\/MedAppSA\/\"],\"logo\":{\"@type\":\"ImageObject\",\"inLanguage\":\"de\",\"@id\":\"https:\/\/medapp.pl\/en\/#\/schema\/logo\/image\/\",\"url\":\"https:\/\/medapp.pl\/wp-content\/uploads\/2021\/07\/medapp.png\",\"contentUrl\":\"https:\/\/medapp.pl\/wp-content\/uploads\/2021\/07\/medapp.png\",\"width\":470,\"height\":170,\"caption\":\"MedApp\"},\"image\":{\"@id\":\"https:\/\/medapp.pl\/en\/#\/schema\/logo\/image\/\"}}]}<\/script>\n<!-- \/ Yoast SEO plugin. -->","yoast_head_json":{"title":"Forschungs- und Entwicklungsprojekte finanzierte von der Europ\u00e4ischen Union - MedApp","robots":{"index":"index","follow":"follow","max-snippet":"max-snippet:-1","max-image-preview":"max-image-preview:large","max-video-preview":"max-video-preview:-1"},"canonical":"https:\/\/medapp.pl\/de\/5316-2\/","og_locale":"de_DE","og_type":"article","og_title":"Forschungs- und Entwicklungsprojekte finanzierte von der Europ\u00e4ischen Union - MedApp","og_description":"Die Durchf\u00fchrung von Forschungsarbeiten tr\u00e4gt direkt zur Entwicklung unserer L\u00f6sungen bei und wirkt sich auch auf die Wettbewerbsf\u00e4higkeit von MedApp auf demMarkt f\u00fcr neue Technologien aus. Wir beteiligen uns an den FuE-Projekten, weil sie uns die M\u00f6glichkeit geben, die Entwicklung des Unternehmens in wissenschaftlicher und technischer Hinsicht zu unterst\u00fctzen. Die Durchf\u00fchrung von Forschungsarbeiten tr\u00e4gt direkt [...]Read More...","og_url":"https:\/\/medapp.pl\/de\/5316-2\/","og_site_name":"MedApp","article_publisher":"https:\/\/www.facebook.com\/MedAppSA\/","article_modified_time":"2022-05-26T15:12:52+00:00","og_image":[{"width":1180,"height":1006,"url":"https:\/\/medapp.pl\/wp-content\/uploads\/2021\/06\/Group-1087-min.png","type":"image\/png"}],"twitter_card":"summary_large_image","twitter_misc":{"Gesch\u00e4tzte Lesezeit":"1\u00a0Minute"},"schema":{"@context":"https:\/\/schema.org","@graph":[{"@type":"WebPage","@id":"https:\/\/medapp.pl\/de\/5316-2\/","url":"https:\/\/medapp.pl\/de\/5316-2\/","name":"Forschungs- und Entwicklungsprojekte finanzierte von der Europ\u00e4ischen Union - MedApp","isPartOf":{"@id":"https:\/\/medapp.pl\/en\/#website"},"datePublished":"2021-06-30T12:58:26+00:00","dateModified":"2022-05-26T15:12:52+00:00","breadcrumb":{"@id":"https:\/\/medapp.pl\/de\/5316-2\/#breadcrumb"},"inLanguage":"de","potentialAction":[{"@type":"ReadAction","target":["https:\/\/medapp.pl\/de\/5316-2\/"]}]},{"@type":"BreadcrumbList","@id":"https:\/\/medapp.pl\/de\/5316-2\/#breadcrumb","itemListElement":[{"@type":"ListItem","position":1,"name":"Strona g\u0142\u00f3wna","item":"https:\/\/medapp.pl\/de\/"},{"@type":"ListItem","position":2,"name":"Forschungs- und Entwicklungsprojekte finanzierte von der Europ\u00e4ischen Union"}]},{"@type":"WebSite","@id":"https:\/\/medapp.pl\/en\/#website","url":"https:\/\/medapp.pl\/en\/","name":"MedApp","description":"Tworzymy przysz\u0142o\u015b\u0107\u00a0medycyny","publisher":{"@id":"https:\/\/medapp.pl\/en\/#organization"},"potentialAction":[{"@type":"SearchAction","target":{"@type":"EntryPoint","urlTemplate":"https:\/\/medapp.pl\/en\/?s={search_term_string}"},"query-input":"required name=search_term_string"}],"inLanguage":"de"},{"@type":"Organization","@id":"https:\/\/medapp.pl\/en\/#organization","name":"MedApp","url":"https:\/\/medapp.pl\/en\/","sameAs":["https:\/\/www.linkedin.com\/company\/medappsa","https:\/\/www.youtube.com\/channel\/UC3iPN1v3bdOtaGiCt2fTQ9Q","https:\/\/www.facebook.com\/MedAppSA\/"],"logo":{"@type":"ImageObject","inLanguage":"de","@id":"https:\/\/medapp.pl\/en\/#\/schema\/logo\/image\/","url":"https:\/\/medapp.pl\/wp-content\/uploads\/2021\/07\/medapp.png","contentUrl":"https:\/\/medapp.pl\/wp-content\/uploads\/2021\/07\/medapp.png","width":470,"height":170,"caption":"MedApp"},"image":{"@id":"https:\/\/medapp.pl\/en\/#\/schema\/logo\/image\/"}}]}},"_links":{"self":[{"href":"https:\/\/medapp.pl\/de\/wp-json\/wp\/v2\/pages\/5316"}],"collection":[{"href":"https:\/\/medapp.pl\/de\/wp-json\/wp\/v2\/pages"}],"about":[{"href":"https:\/\/medapp.pl\/de\/wp-json\/wp\/v2\/types\/page"}],"author":[{"embeddable":true,"href":"https:\/\/medapp.pl\/de\/wp-json\/wp\/v2\/users\/9"}],"replies":[{"embeddable":true,"href":"https:\/\/medapp.pl\/de\/wp-json\/wp\/v2\/comments?post=5316"}],"version-history":[{"count":4,"href":"https:\/\/medapp.pl\/de\/wp-json\/wp\/v2\/pages\/5316\/revisions"}],"predecessor-version":[{"id":8130,"href":"https:\/\/medapp.pl\/de\/wp-json\/wp\/v2\/pages\/5316\/revisions\/8130"}],"wp:featuredmedia":[{"embeddable":true,"href":"https:\/\/medapp.pl\/de\/wp-json\/wp\/v2\/media\/3616"}],"wp:attachment":[{"href":"https:\/\/medapp.pl\/de\/wp-json\/wp\/v2\/media?parent=5316"}],"curies":[{"name":"wp","href":"https:\/\/api.w.org\/{rel}","templated":true}]}}