{"id":5146,"date":"2021-06-29T16:50:09","date_gmt":"2021-06-29T14:50:09","guid":{"rendered":"http:\/\/medapp.lunible.com\/?page_id=5146"},"modified":"2021-08-02T15:06:14","modified_gmt":"2021-08-02T13:06:14","slug":"privacy-policy","status":"publish","type":"page","link":"https:\/\/medapp.pl\/en\/privacy-policy\/","title":{"rendered":"Privacy policy"},"content":{"rendered":"<h2>1. Who\u00a0is\u00a0the Controller of\u00a0my personal data?<\/h2>\n<p>The personal data Controller is Medapp S.A with its seat in Krak\u00f3w, 30-150 Krak\u00f3w, ul. Armii Krajowej 25, NIP [tax ID]: 7010264750, REGON [company register ID]: 142641690, with KRS [National Court Register] number 00000365157, whose registration documents are held by the District Court for Krak\u00f3w-\u015ar\u00f3dmie\u015bcie in Krak\u00f3w, 11th Economic Division of the National Court Register, with the share capital of PLN 25,003,220.40 paid in full, hereinafter referred to as Medapp.<\/p>\n<h2>2. What personal data does the\u00a0Controller process?<\/h2>\n<p>Medapp, as a controller of personal data within the meaning of the GDPR*, processes in particular the following personal data:<\/p>\n<ul>\n<li>Personal data of job candidates (data which candidates provide to the Controller in connection with their participation in recruitment processes &#8211; in particular, data contained in their CV)<\/li>\n<li>Personal data of contractors and their representatives (data of companies** and contact persons &#8211; basic data for issuing and accounting invoices (name, NIP [tax ID], address of business activity) and for contact (name, surname, company name, position, company e-mail address, company telephone number)<\/li>\n<li>Data of persons who have subscribed to the Newsletter (e-mail address)<\/li>\n<li>Data of persons sending inquiries via contact forms, e-mail and telephone (basic contact data: first and last name, e-mail address or telephone number)<\/li>\n<\/ul>\n<p>GDPR* &#8211; Regulation (EU) 2016\/679 of the European Parliament and of the Council of 27 April 2016 on the protection of natural persons with regard to the processing of personal data and on the free movement of such data and repealing Directive 95\/46\/EC (General Data Protection Regulation) ** &#8211; Data of companies are treated as personal data only if they allow the identification of data subjects. Share-holding company data are not treated as personal data. In addition to the data listed above, Medapp may also obtain and process other personal data, e.g., when providing access to the Carnalife System platform. In such situations, the principles of the processing of such data are described in the relevant sections of the website www.medapp.pl\/RODO and\/or information clauses placed in the forms\/other places where personal data are collected. In addition to the data listed above, Medapp may also obtain and process other personal data, e.g., when providing access to the Carnalife System platform. In such situations, the principles of the processing of such data are described in the relevant sections of the website www.medapp.pl\/RODO and\/or information clauses placed in the forms\/other places where personal data are collected.<\/p>\n<h3><strong>Behavioral advertising<\/strong><\/h3>\n<p>In addition to the data described in the above paragraph, Medapp processes the data of visitors to the www.medapp.pl website for the purposes of behavioral advertising, in the meaning of displaying ads that are tailored to the users\u2019 preferences (on the basis of Article 6(1)(f) of the GDPR &#8211; the data Controller&#8217;s legitimate interest in direct marketing &#8211; if consent to the use of cookies is given). This process is described in detail in the \u201cCookie Information\u201d section below.<\/p>\n<h2>On what terms does the\u00a0Controller process my\u00a0personal data?<\/h2>\n<p>The principles of processing your personal data are presented below (in particular, it is explained who has access to them, how long they are stored and for what purposes and on what basis they are processed).<\/p>\n<h2>2.1. Personal data of\u00a0job applicants<\/h2>\n<p>Purposes and\u00a0basis of\u00a0processing: Your personal data will be\u00a0processed for\u00a0the purposes of\u00a0the recruitment process or\u00a0also for\u00a0the purposes of\u00a0future recruitment processes in\u00a0the event that you\u00a0express an\u00a0appropriate consent (the basis for\u00a0the processing of\u00a0such data is\u00a0the applicable legal regulations (in\u00a0particular the\u00a0Labor Code) and\u00a0your consent).<\/p>\n<p><strong>Data recipients<\/strong>: These data may\u00a0be\u00a0made available to\u00a0entities authorized by\u00a0law. Entities providing Medapp with IT\u00a0services and\u00a0infrastructure may\u00a0also have access to\u00a0the data under appropriate agreements.<\/p>\n<p><strong>Retention peroid<\/strong>: The\u00a0personal data processed by\u00a0the controller will be\u00a0stored until the\u00a0end of\u00a0the recruitment process or\u00a0until you\u00a0revoke the\u00a0consent you\u00a0have given in\u00a0the case of\u00a0processing for\u00a0future recruitment processes.<\/p>\n<p><strong>Automated decision making \/\u00a0profiling<\/strong>: Medapp does not\u00a0make decisions based on\u00a0automated processing, including profiling (in\u00a0relation to\u00a0the purposes of\u00a0processing described above).<\/p>\n<p><strong>Data provided on\u00a0a\u00a0voluntary\/obligatory basis<\/strong>: Providing personal data to\u00a0the extent required by\u00a0law, in\u00a0particular the\u00a0Labor Code, is\u00a0obligatory, otherwise it\u00a0is voluntary.<\/p>\n<h2>2.2. Personal data of\u00a0contractors and\u00a0their representatives<\/h2>\n<p><strong>Purposes and basis of processing<\/strong>: Personal data of contractors and their representatives (including in particular employees and associates of contractors) will be processed for the purposes of:<\/p>\n<ul>\n<li>contact, including establishing and maintaining business contact and ensuring performance of contracts concluded with Contractors (on the basis of Article 6(1)(f) of the GDPR &#8211; legitimate interest of the data controller which is to ensure contact with the Contractor and the performance of contracts concluded with the Contractors or on the basis of Article 6(1)(a) of the GDPR, consent granted by you)<\/li>\n<li>fulfillment of obligations arising from applicable laws (in particular resulting from the Accounting Act and the VAT Act) (on the basis of Article 6(1)(c) of the GDPR &#8211; processing is necessary to fulfill a legal obligation incumbent on the controller)<\/li>\n<li>defense against claims as well as establishing and pursuing claims (on the basis of Article 6(1)(f) of the GDPR &#8211; legitimate interest of the controller in establishing and pursuing claims and defending claims)<\/li>\n<li>[where appropriate consent has been given] distribution of commercial information, including under the form of a Newsletter, to the indicated e-mail address\/phone number (Based on Article 6(1)(a) of the GDPR* &#8211; obtained consent)<\/li>\n<li>[where you are a party to the contract] taking steps prior to entering into and performing the contract (based on 6(1)(b) of the GDPR &#8211; processing is necessary for the performance of contracts to which you are a party)<\/li>\n<\/ul>\n<p><strong>Source of data | Data provided on a voluntary\/obligatory basis<\/strong>: : Your personal data were obtained directly from you or from your employer\/principal. In the case where data are collected directly from you, providing these data is voluntary, but necessary to conclude\/execute a contract between your employer\/principal and MEDAPP. Your personal data may also have been obtained from Medapp&#8217;s partners if you have given your consent.<\/p>\n<p><strong>Data recipients<\/strong>: These data may be made available to entities authorized by law. Medapp\u2019s IT service providers (in particular, web hosts) and other entities supporting Medapp in connection with the purposes described in the paragraph \u201cPurposes and basis of processing\u201d may also have access to the data on the basis of relevant contracts (in particular couriers and external auditors).<\/p>\n<p><strong>Automated decision making \/ profiling<\/strong>: Medapp does not make decisions based on automated processing, including profiling (in relation to the purposes of processing described above).<\/p>\n<p><strong>Retention period<\/strong>: Personal data of contractor representatives will be stored until the purposes specified in the paragraph \u201cPurposes and basis of data processing&#8221; are fulfilled and then for the period required by law\/until the claims expire.<\/p>\n<h2>2.3. Data of persons who have subscribed to the Newsletter<\/h2>\n<p><strong>Purposes and basis of processing<\/strong>: Your personal data will be processed for the following purposes:<\/p>\n<ul>\n<li>sending cyclical messages to the indicated e-mail address concerning MEDAPP S.A. and products in the company\u2019s offer as part of the MEDAPP S.A. newsletter. (on the basis of Article 6(1)(f) of the GDPR* &#8211; legitimate interest of the data controller in direct marketing, in connection with the consent to receiving the Newsletter \/ commercial information)<\/li>\n<li>demonstrating compliance with applicable laws, which is a legitimate interest of the controller of personal data (Article 6(1)(f) of the GDPR*)<\/li>\n<li>pursuing and defense against claims (on the basis of Article 6(1)(f) of the GDPR &#8211; legitimate interest of the controller in pursuing and defending claims)<\/li>\n<\/ul>\n<p><strong>Data recipients<\/strong>: The data may be shared with:<\/p>\n<ul>\n<li>entities authorized by law;<\/li>\n<li>Infrastructure and IT service providers (including hosting companies and companies providing e-mail marketing solutions) processing data on behalf of Medapp may also have access to the data under relevant contracts.<\/li>\n<\/ul>\n<p><strong>Retention period<\/strong>: Your personal data will be stored until you revoke your consent and then for the time necessary to demonstrate compliance with applicable laws \/ pursue or defend claims.<\/p>\n<p><strong>Automated decision making \/ profiling<\/strong>: Medapp does not make decisions based on automated processing, including profiling (in relation to the purposes of processing described above).<\/p>\n<p><strong>Data provided on a voluntary\/obligatory basis<\/strong>: Providing personal data is voluntary, however it is necessary to subscribe to the Newsletter.<\/p>\n<h2>2.4. Data obtained through contact via contact forms, e-mail and telephone<\/h2>\n<p><strong>Purposes and basis of processing<\/strong>: Personal data will be processed for the following purposes:<\/p>\n<ul>\n<li>maintaining ongoing electronic correspondence and following up on your requests for information on particular products offered by the Company, sent through the contact form (The basis of data processing is the legitimate interest of the data controller which is to conduct electronic correspondence and take actions at the request of data subjects).<\/li>\n<li>[where appropriate consent has been given] distribution of commercial information to the indicated e-mail address\/phone number (Based on Article 6(1)(a) of the GDPR* &#8211; consent given by you)<\/li>\n<\/ul>\n<p><strong>Data recipients<\/strong>: These data may be made available to entities authorized by law. Infrastructure and IT service providers who process data on behalf of Medapp may also have access to the data under appropriate contracts.<\/p>\n<p><strong>Retention period<\/strong>: The personal data processed by the controller will be kept for the period of conducting electronic correspondence and then, for archival purposes, for the period specified in the controller&#8217;s office instructions.\u00a0If you have given your consent to receiving commercial information, we will retain your personal information until you revoke that consent.<\/p>\n<p><strong>Automated decision making \/ profiling<\/strong>: Medapp does not make decisions based on automated processing, including profiling (in relation to the purposes of processing described above).<\/p>\n<p><strong>Data provided on a voluntary\/obligatory basis<\/strong>: : Providing personal data is voluntary, but necessary in order to exchange electronic correspondence or to take actions upon your request. Granting consent to be contacted for commercial information is voluntary.<\/p>\n<h2>3. What rights do\u00a0I\u00a0have in\u00a0relation to\u00a0Medapp&#8217;s processing of\u00a0my personal data?<\/h2>\n<p>You have the right, as applicable, to:<\/p>\n<ul>\n<li>request access to your personal data, rectification, erasure and restriction of processing, as well as to portability of your personal data;<\/li>\n<li>withdraw your consent at any time (if given). Withdrawal of consent does not affect the lawfulness of processing carried out on the basis of the consent before its withdrawal.<\/li>\n<li>object to the processing of personal data<\/li>\n<li>lodge a complaint with the supervisory authority, i.e. the President of the Office for the Protection of Personal Data<\/li>\n<\/ul>\n<h2>4. How\u00a0can I\u00a0contact you\u00a0with questions regarding the\u00a0processing of\u00a0my personal data and\u00a0the exercise of\u00a0my rights?<\/h2>\n<p>All inquiries and statements regarding the above rights should be directed to the contact information below:<\/p>\n<p><strong>Data controller contact information:<\/strong> Medapp Sp\u00f3\u0142ka Akcyjna with its registered office in Krak\u00f3w, 30-150 Krak\u00f3w, ul. Armii Krajowej 25, E-mail address: <u><a href=\"mailto:biuro@medapp.pl\">biuro@medapp.pl<\/a><\/u><\/p>\n<p><strong>Data protection officer contact information:<\/strong>\u00a0E-mail address:\u00a0<u><a href=\"mailto:iodo@medapp.pl\">iodo@medapp.pl<\/a><\/u><\/p>\n<h2 class=\"contact-mt\">5. Cookie information<\/h2>\n<p><strong>Cookies<\/strong>: The www.medapp.pl website uses cookies. Cookies are small files stored in your web browser used for the following purposes:<\/p>\n<ul>\n<li>Optimization &#8211; to make the use of the website easier (e.g. remembering to close messages displayed on the website)<\/li>\n<li>Analytics &#8211; to create statistics on the basis of which the Website is able to better adapt its content to the preferences of Users<\/li>\n<li>Marketing &#8211; to display ads that are tailored to the users\u2019 preferences (on the basis of Article 6(1)(f) of the GDPR &#8211; the data Controller&#8217;s legitimate interest in direct marketing &#8211; if consent to the use of cookies is given)<\/li>\n<\/ul>\n<p>If you do not consent to cookies being stored on your device, please change the setting of your web browser and\/or block external cookies as described in the &#8220;External Cookies&#8221; paragraph below. Restricting the use of Cookies may affect some functionalities available at www.medapp.pl External Cookies: Medapp uses cookies\/analogous technological solutions from the following third parties:<\/p>\n<ul>\n<li>Google Ireland Limited &#8211; Google Adwords, Google Analytics &#8211; for analytical and advertising purposes (displaying Medapp ads in the Google advertising network). You can block the use of your data in Google Analytics at any time\u00a0<u><a href=\"https:\/\/tools.google.com\/dlpage\/gaoptout\">here<\/a><\/u><\/li>\n<li>Facebook Inc. &#8211; Facebook Pixel &#8211; for analytical and advertising purposes (displaying Medapp ads in the Facebook advertising network). You can at any time review the terms of processing of your data, including blocking the use of your data by Facebook\u00a0<u><a href=\"https:\/\/www.facebook.com\/help\/568137493302217\">here<\/a><\/u>.<\/li>\n<li>Hotjar Ltd &#8211; HotJar &#8211; a solution used for analytical purposes (anonymous analysis of user behavior on the Website). You can block the use of your data by\u00a0HotJar\u00a0<u><a href=\"https:\/\/www.hotjar.com\/legal\/compliance\/opt-out\/\">here<\/a><\/u>.<\/li>\n<\/ul>\n<p>The solutions mentioned above are used to tailor advertising to users&#8217; preferences and for analytical purposes. These solutions allow us to track Users&#8217; actions within the website (e.g., viewing a particular subpage within the website). On this basis, the User may be shown Medapp advertisements within the Google \/ Facebook advertising network. You can find more information about cookies in the &#8220;Help&#8221; section of your web browser menu.<\/p>\n","protected":false},"excerpt":{"rendered":"<p>1. Who\u00a0is\u00a0the Controller of\u00a0my personal data? The personal data Controller is Medapp S.A with its seat in Krak\u00f3w, 30-150 Krak\u00f3w, ul. Armii Krajowej 25, NIP [tax ID]: 7010264750, REGON [company register ID]: 142641690, with KRS [National Court Register] number 00000365157, whose registration documents are held by the District Court for Krak\u00f3w-\u015ar\u00f3dmie\u015bcie in Krak\u00f3w, 11th Economic [&#8230;]<\/p>\n<p><a class=\"btn btn-secondary understrap-read-more-link\" href=\"https:\/\/medapp.pl\/en\/privacy-policy\/\">Read More&#8230;<\/a><\/p>\n","protected":false},"author":9,"featured_media":0,"parent":0,"menu_order":0,"comment_status":"closed","ping_status":"open","template":"page-templates\/privacy_policy.php","meta":[],"acf":[],"yoast_head":"<!-- This site is optimized with the Yoast SEO plugin v19.6 - https:\/\/yoast.com\/wordpress\/plugins\/seo\/ -->\n<title>Privacy policy - MedApp<\/title>\n<meta name=\"robots\" content=\"index, follow, max-snippet:-1, max-image-preview:large, max-video-preview:-1\" \/>\n<link rel=\"canonical\" href=\"https:\/\/medapp.pl\/en\/privacy-policy\/\" \/>\n<meta property=\"og:locale\" content=\"en_US\" \/>\n<meta property=\"og:type\" content=\"article\" \/>\n<meta property=\"og:title\" content=\"Privacy policy - MedApp\" \/>\n<meta property=\"og:description\" content=\"1. Who\u00a0is\u00a0the Controller of\u00a0my personal data? The personal data Controller is Medapp S.A with its seat in Krak\u00f3w, 30-150 Krak\u00f3w, ul. Armii Krajowej 25, NIP [tax ID]: 7010264750, REGON [company register ID]: 142641690, with KRS [National Court Register] number 00000365157, whose registration documents are held by the District Court for Krak\u00f3w-\u015ar\u00f3dmie\u015bcie in Krak\u00f3w, 11th Economic [...]Read More...\" \/>\n<meta property=\"og:url\" content=\"https:\/\/medapp.pl\/en\/privacy-policy\/\" \/>\n<meta property=\"og:site_name\" content=\"MedApp\" \/>\n<meta property=\"article:publisher\" content=\"https:\/\/www.facebook.com\/MedAppSA\/\" \/>\n<meta property=\"article:modified_time\" content=\"2021-08-02T13:06:14+00:00\" \/>\n<meta name=\"twitter:card\" content=\"summary_large_image\" \/>\n<meta name=\"twitter:label1\" content=\"Est. reading time\" \/>\n\t<meta name=\"twitter:data1\" content=\"10 minutes\" \/>\n<script type=\"application\/ld+json\" class=\"yoast-schema-graph\">{\"@context\":\"https:\/\/schema.org\",\"@graph\":[{\"@type\":\"WebPage\",\"@id\":\"https:\/\/medapp.pl\/en\/privacy-policy\/\",\"url\":\"https:\/\/medapp.pl\/en\/privacy-policy\/\",\"name\":\"Privacy policy - MedApp\",\"isPartOf\":{\"@id\":\"https:\/\/medapp.pl\/en\/#website\"},\"datePublished\":\"2021-06-29T14:50:09+00:00\",\"dateModified\":\"2021-08-02T13:06:14+00:00\",\"breadcrumb\":{\"@id\":\"https:\/\/medapp.pl\/en\/privacy-policy\/#breadcrumb\"},\"inLanguage\":\"en-US\",\"potentialAction\":[{\"@type\":\"ReadAction\",\"target\":[\"https:\/\/medapp.pl\/en\/privacy-policy\/\"]}]},{\"@type\":\"BreadcrumbList\",\"@id\":\"https:\/\/medapp.pl\/en\/privacy-policy\/#breadcrumb\",\"itemListElement\":[{\"@type\":\"ListItem\",\"position\":1,\"name\":\"Strona g\u0142\u00f3wna\",\"item\":\"https:\/\/medapp.pl\/en\/\"},{\"@type\":\"ListItem\",\"position\":2,\"name\":\"Privacy policy\"}]},{\"@type\":\"WebSite\",\"@id\":\"https:\/\/medapp.pl\/en\/#website\",\"url\":\"https:\/\/medapp.pl\/en\/\",\"name\":\"MedApp\",\"description\":\"Tworzymy przysz\u0142o\u015b\u0107\u00a0medycyny\",\"publisher\":{\"@id\":\"https:\/\/medapp.pl\/en\/#organization\"},\"potentialAction\":[{\"@type\":\"SearchAction\",\"target\":{\"@type\":\"EntryPoint\",\"urlTemplate\":\"https:\/\/medapp.pl\/en\/?s={search_term_string}\"},\"query-input\":\"required name=search_term_string\"}],\"inLanguage\":\"en-US\"},{\"@type\":\"Organization\",\"@id\":\"https:\/\/medapp.pl\/en\/#organization\",\"name\":\"MedApp\",\"url\":\"https:\/\/medapp.pl\/en\/\",\"sameAs\":[\"https:\/\/www.linkedin.com\/company\/medappsa\",\"https:\/\/www.youtube.com\/channel\/UC3iPN1v3bdOtaGiCt2fTQ9Q\",\"https:\/\/www.facebook.com\/MedAppSA\/\"],\"logo\":{\"@type\":\"ImageObject\",\"inLanguage\":\"en-US\",\"@id\":\"https:\/\/medapp.pl\/en\/#\/schema\/logo\/image\/\",\"url\":\"https:\/\/medapp.pl\/wp-content\/uploads\/2021\/07\/medapp.png\",\"contentUrl\":\"https:\/\/medapp.pl\/wp-content\/uploads\/2021\/07\/medapp.png\",\"width\":470,\"height\":170,\"caption\":\"MedApp\"},\"image\":{\"@id\":\"https:\/\/medapp.pl\/en\/#\/schema\/logo\/image\/\"}}]}<\/script>\n<!-- \/ Yoast SEO plugin. -->","yoast_head_json":{"title":"Privacy policy - MedApp","robots":{"index":"index","follow":"follow","max-snippet":"max-snippet:-1","max-image-preview":"max-image-preview:large","max-video-preview":"max-video-preview:-1"},"canonical":"https:\/\/medapp.pl\/en\/privacy-policy\/","og_locale":"en_US","og_type":"article","og_title":"Privacy policy - MedApp","og_description":"1. Who\u00a0is\u00a0the Controller of\u00a0my personal data? The personal data Controller is Medapp S.A with its seat in Krak\u00f3w, 30-150 Krak\u00f3w, ul. Armii Krajowej 25, NIP [tax ID]: 7010264750, REGON [company register ID]: 142641690, with KRS [National Court Register] number 00000365157, whose registration documents are held by the District Court for Krak\u00f3w-\u015ar\u00f3dmie\u015bcie in Krak\u00f3w, 11th Economic [...]Read More...","og_url":"https:\/\/medapp.pl\/en\/privacy-policy\/","og_site_name":"MedApp","article_publisher":"https:\/\/www.facebook.com\/MedAppSA\/","article_modified_time":"2021-08-02T13:06:14+00:00","twitter_card":"summary_large_image","twitter_misc":{"Est. reading time":"10 minutes"},"schema":{"@context":"https:\/\/schema.org","@graph":[{"@type":"WebPage","@id":"https:\/\/medapp.pl\/en\/privacy-policy\/","url":"https:\/\/medapp.pl\/en\/privacy-policy\/","name":"Privacy policy - MedApp","isPartOf":{"@id":"https:\/\/medapp.pl\/en\/#website"},"datePublished":"2021-06-29T14:50:09+00:00","dateModified":"2021-08-02T13:06:14+00:00","breadcrumb":{"@id":"https:\/\/medapp.pl\/en\/privacy-policy\/#breadcrumb"},"inLanguage":"en-US","potentialAction":[{"@type":"ReadAction","target":["https:\/\/medapp.pl\/en\/privacy-policy\/"]}]},{"@type":"BreadcrumbList","@id":"https:\/\/medapp.pl\/en\/privacy-policy\/#breadcrumb","itemListElement":[{"@type":"ListItem","position":1,"name":"Strona g\u0142\u00f3wna","item":"https:\/\/medapp.pl\/en\/"},{"@type":"ListItem","position":2,"name":"Privacy policy"}]},{"@type":"WebSite","@id":"https:\/\/medapp.pl\/en\/#website","url":"https:\/\/medapp.pl\/en\/","name":"MedApp","description":"Tworzymy przysz\u0142o\u015b\u0107\u00a0medycyny","publisher":{"@id":"https:\/\/medapp.pl\/en\/#organization"},"potentialAction":[{"@type":"SearchAction","target":{"@type":"EntryPoint","urlTemplate":"https:\/\/medapp.pl\/en\/?s={search_term_string}"},"query-input":"required name=search_term_string"}],"inLanguage":"en-US"},{"@type":"Organization","@id":"https:\/\/medapp.pl\/en\/#organization","name":"MedApp","url":"https:\/\/medapp.pl\/en\/","sameAs":["https:\/\/www.linkedin.com\/company\/medappsa","https:\/\/www.youtube.com\/channel\/UC3iPN1v3bdOtaGiCt2fTQ9Q","https:\/\/www.facebook.com\/MedAppSA\/"],"logo":{"@type":"ImageObject","inLanguage":"en-US","@id":"https:\/\/medapp.pl\/en\/#\/schema\/logo\/image\/","url":"https:\/\/medapp.pl\/wp-content\/uploads\/2021\/07\/medapp.png","contentUrl":"https:\/\/medapp.pl\/wp-content\/uploads\/2021\/07\/medapp.png","width":470,"height":170,"caption":"MedApp"},"image":{"@id":"https:\/\/medapp.pl\/en\/#\/schema\/logo\/image\/"}}]}},"_links":{"self":[{"href":"https:\/\/medapp.pl\/en\/wp-json\/wp\/v2\/pages\/5146"}],"collection":[{"href":"https:\/\/medapp.pl\/en\/wp-json\/wp\/v2\/pages"}],"about":[{"href":"https:\/\/medapp.pl\/en\/wp-json\/wp\/v2\/types\/page"}],"author":[{"embeddable":true,"href":"https:\/\/medapp.pl\/en\/wp-json\/wp\/v2\/users\/9"}],"replies":[{"embeddable":true,"href":"https:\/\/medapp.pl\/en\/wp-json\/wp\/v2\/comments?post=5146"}],"version-history":[{"count":11,"href":"https:\/\/medapp.pl\/en\/wp-json\/wp\/v2\/pages\/5146\/revisions"}],"predecessor-version":[{"id":6404,"href":"https:\/\/medapp.pl\/en\/wp-json\/wp\/v2\/pages\/5146\/revisions\/6404"}],"wp:attachment":[{"href":"https:\/\/medapp.pl\/en\/wp-json\/wp\/v2\/media?parent=5146"}],"curies":[{"name":"wp","href":"https:\/\/api.w.org\/{rel}","templated":true}]}}