{"id":5313,"date":"2021-06-30T14:55:36","date_gmt":"2021-06-30T12:55:36","guid":{"rendered":"http:\/\/medapp.lunible.com\/?page_id=5313"},"modified":"2022-05-26T17:11:41","modified_gmt":"2022-05-26T15:11:41","slug":"projekty-badawczo-rozwojowe","status":"publish","type":"page","link":"https:\/\/medapp.pl\/en\/projekty-badawczo-rozwojowe\/","title":{"rendered":"Research and development projects financed by the European Union"},"content":{"rendered":"<p><strong>Conducting research contributes directly to the development of our solutions, and also affects the competitiveness of MedApp in the market of new technologies.<\/strong><\/p>\n<p>We participate in R&amp;D Projects because they give us the opportunity to support the company&#8217;s development in scientific and technical terms. Conducting research contributes directly to the development of our solutions, and also affects the competitiveness of MedApp in the market of new technologies.<\/p>\n<p>We believe that supporting science and technology development is our duty, so we want to expand our knowledge and share our experience. MedApp is a technology company that was created through close collaboration with the scientific community, so it is important for us to continue this path and spread this model of cooperation.<\/p>\n","protected":false},"excerpt":{"rendered":"<p>Conducting research contributes directly to the development of our solutions, and also affects the competitiveness of MedApp in the market of new technologies. We participate in R&amp;D Projects because they give us the opportunity to support the company&#8217;s development in scientific and technical terms. Conducting research contributes directly to the development of our solutions, and [&#8230;]<\/p>\n<p><a class=\"btn btn-secondary understrap-read-more-link\" href=\"https:\/\/medapp.pl\/en\/projekty-badawczo-rozwojowe\/\">Read More&#8230;<\/a><\/p>\n","protected":false},"author":9,"featured_media":3615,"parent":0,"menu_order":0,"comment_status":"closed","ping_status":"closed","template":"page-templates\/projects.php","meta":[],"acf":[],"yoast_head":"<!-- This site is optimized with the Yoast SEO plugin v19.6 - https:\/\/yoast.com\/wordpress\/plugins\/seo\/ -->\n<title>Research and development projects financed by the European Union - MedApp<\/title>\n<meta name=\"robots\" content=\"index, follow, max-snippet:-1, max-image-preview:large, max-video-preview:-1\" \/>\n<link rel=\"canonical\" href=\"https:\/\/medapp.pl\/en\/projekty-badawczo-rozwojowe\/\" \/>\n<meta property=\"og:locale\" content=\"en_US\" \/>\n<meta property=\"og:type\" content=\"article\" \/>\n<meta property=\"og:title\" content=\"Research and development projects financed by the European Union - MedApp\" \/>\n<meta property=\"og:description\" content=\"Conducting research contributes directly to the development of our solutions, and also affects the competitiveness of MedApp in the market of new technologies. We participate in R&amp;D Projects because they give us the opportunity to support the company&#8217;s development in scientific and technical terms. Conducting research contributes directly to the development of our solutions, and [...]Read More...\" \/>\n<meta property=\"og:url\" content=\"https:\/\/medapp.pl\/en\/projekty-badawczo-rozwojowe\/\" \/>\n<meta property=\"og:site_name\" content=\"MedApp\" \/>\n<meta property=\"article:publisher\" content=\"https:\/\/www.facebook.com\/MedAppSA\/\" \/>\n<meta property=\"article:modified_time\" content=\"2022-05-26T15:11:41+00:00\" \/>\n<meta property=\"og:image\" content=\"https:\/\/medapp.pl\/wp-content\/uploads\/2021\/06\/Group-1087-min.png\" \/>\n\t<meta property=\"og:image:width\" content=\"1180\" \/>\n\t<meta property=\"og:image:height\" content=\"1006\" \/>\n\t<meta property=\"og:image:type\" content=\"image\/png\" \/>\n<meta name=\"twitter:card\" content=\"summary_large_image\" \/>\n<meta name=\"twitter:label1\" content=\"Est. reading time\" \/>\n\t<meta name=\"twitter:data1\" content=\"1 minute\" \/>\n<script type=\"application\/ld+json\" class=\"yoast-schema-graph\">{\"@context\":\"https:\/\/schema.org\",\"@graph\":[{\"@type\":\"WebPage\",\"@id\":\"https:\/\/medapp.pl\/en\/projekty-badawczo-rozwojowe\/\",\"url\":\"https:\/\/medapp.pl\/en\/projekty-badawczo-rozwojowe\/\",\"name\":\"Research and development projects financed by the European Union - MedApp\",\"isPartOf\":{\"@id\":\"https:\/\/medapp.pl\/en\/#website\"},\"datePublished\":\"2021-06-30T12:55:36+00:00\",\"dateModified\":\"2022-05-26T15:11:41+00:00\",\"breadcrumb\":{\"@id\":\"https:\/\/medapp.pl\/en\/projekty-badawczo-rozwojowe\/#breadcrumb\"},\"inLanguage\":\"en-US\",\"potentialAction\":[{\"@type\":\"ReadAction\",\"target\":[\"https:\/\/medapp.pl\/en\/projekty-badawczo-rozwojowe\/\"]}]},{\"@type\":\"BreadcrumbList\",\"@id\":\"https:\/\/medapp.pl\/en\/projekty-badawczo-rozwojowe\/#breadcrumb\",\"itemListElement\":[{\"@type\":\"ListItem\",\"position\":1,\"name\":\"Strona g\u0142\u00f3wna\",\"item\":\"https:\/\/medapp.pl\/en\/\"},{\"@type\":\"ListItem\",\"position\":2,\"name\":\"Research and development projects financed by the European Union\"}]},{\"@type\":\"WebSite\",\"@id\":\"https:\/\/medapp.pl\/en\/#website\",\"url\":\"https:\/\/medapp.pl\/en\/\",\"name\":\"MedApp\",\"description\":\"Tworzymy przysz\u0142o\u015b\u0107\u00a0medycyny\",\"publisher\":{\"@id\":\"https:\/\/medapp.pl\/en\/#organization\"},\"potentialAction\":[{\"@type\":\"SearchAction\",\"target\":{\"@type\":\"EntryPoint\",\"urlTemplate\":\"https:\/\/medapp.pl\/en\/?s={search_term_string}\"},\"query-input\":\"required name=search_term_string\"}],\"inLanguage\":\"en-US\"},{\"@type\":\"Organization\",\"@id\":\"https:\/\/medapp.pl\/en\/#organization\",\"name\":\"MedApp\",\"url\":\"https:\/\/medapp.pl\/en\/\",\"sameAs\":[\"https:\/\/www.linkedin.com\/company\/medappsa\",\"https:\/\/www.youtube.com\/channel\/UC3iPN1v3bdOtaGiCt2fTQ9Q\",\"https:\/\/www.facebook.com\/MedAppSA\/\"],\"logo\":{\"@type\":\"ImageObject\",\"inLanguage\":\"en-US\",\"@id\":\"https:\/\/medapp.pl\/en\/#\/schema\/logo\/image\/\",\"url\":\"https:\/\/medapp.pl\/wp-content\/uploads\/2021\/07\/medapp.png\",\"contentUrl\":\"https:\/\/medapp.pl\/wp-content\/uploads\/2021\/07\/medapp.png\",\"width\":470,\"height\":170,\"caption\":\"MedApp\"},\"image\":{\"@id\":\"https:\/\/medapp.pl\/en\/#\/schema\/logo\/image\/\"}}]}<\/script>\n<!-- \/ Yoast SEO plugin. -->","yoast_head_json":{"title":"Research and development projects financed by the European Union - MedApp","robots":{"index":"index","follow":"follow","max-snippet":"max-snippet:-1","max-image-preview":"max-image-preview:large","max-video-preview":"max-video-preview:-1"},"canonical":"https:\/\/medapp.pl\/en\/projekty-badawczo-rozwojowe\/","og_locale":"en_US","og_type":"article","og_title":"Research and development projects financed by the European Union - MedApp","og_description":"Conducting research contributes directly to the development of our solutions, and also affects the competitiveness of MedApp in the market of new technologies. We participate in R&amp;D Projects because they give us the opportunity to support the company&#8217;s development in scientific and technical terms. Conducting research contributes directly to the development of our solutions, and [...]Read More...","og_url":"https:\/\/medapp.pl\/en\/projekty-badawczo-rozwojowe\/","og_site_name":"MedApp","article_publisher":"https:\/\/www.facebook.com\/MedAppSA\/","article_modified_time":"2022-05-26T15:11:41+00:00","og_image":[{"width":1180,"height":1006,"url":"https:\/\/medapp.pl\/wp-content\/uploads\/2021\/06\/Group-1087-min.png","type":"image\/png"}],"twitter_card":"summary_large_image","twitter_misc":{"Est. reading time":"1 minute"},"schema":{"@context":"https:\/\/schema.org","@graph":[{"@type":"WebPage","@id":"https:\/\/medapp.pl\/en\/projekty-badawczo-rozwojowe\/","url":"https:\/\/medapp.pl\/en\/projekty-badawczo-rozwojowe\/","name":"Research and development projects financed by the European Union - MedApp","isPartOf":{"@id":"https:\/\/medapp.pl\/en\/#website"},"datePublished":"2021-06-30T12:55:36+00:00","dateModified":"2022-05-26T15:11:41+00:00","breadcrumb":{"@id":"https:\/\/medapp.pl\/en\/projekty-badawczo-rozwojowe\/#breadcrumb"},"inLanguage":"en-US","potentialAction":[{"@type":"ReadAction","target":["https:\/\/medapp.pl\/en\/projekty-badawczo-rozwojowe\/"]}]},{"@type":"BreadcrumbList","@id":"https:\/\/medapp.pl\/en\/projekty-badawczo-rozwojowe\/#breadcrumb","itemListElement":[{"@type":"ListItem","position":1,"name":"Strona g\u0142\u00f3wna","item":"https:\/\/medapp.pl\/en\/"},{"@type":"ListItem","position":2,"name":"Research and development projects financed by the European Union"}]},{"@type":"WebSite","@id":"https:\/\/medapp.pl\/en\/#website","url":"https:\/\/medapp.pl\/en\/","name":"MedApp","description":"Tworzymy przysz\u0142o\u015b\u0107\u00a0medycyny","publisher":{"@id":"https:\/\/medapp.pl\/en\/#organization"},"potentialAction":[{"@type":"SearchAction","target":{"@type":"EntryPoint","urlTemplate":"https:\/\/medapp.pl\/en\/?s={search_term_string}"},"query-input":"required name=search_term_string"}],"inLanguage":"en-US"},{"@type":"Organization","@id":"https:\/\/medapp.pl\/en\/#organization","name":"MedApp","url":"https:\/\/medapp.pl\/en\/","sameAs":["https:\/\/www.linkedin.com\/company\/medappsa","https:\/\/www.youtube.com\/channel\/UC3iPN1v3bdOtaGiCt2fTQ9Q","https:\/\/www.facebook.com\/MedAppSA\/"],"logo":{"@type":"ImageObject","inLanguage":"en-US","@id":"https:\/\/medapp.pl\/en\/#\/schema\/logo\/image\/","url":"https:\/\/medapp.pl\/wp-content\/uploads\/2021\/07\/medapp.png","contentUrl":"https:\/\/medapp.pl\/wp-content\/uploads\/2021\/07\/medapp.png","width":470,"height":170,"caption":"MedApp"},"image":{"@id":"https:\/\/medapp.pl\/en\/#\/schema\/logo\/image\/"}}]}},"_links":{"self":[{"href":"https:\/\/medapp.pl\/en\/wp-json\/wp\/v2\/pages\/5313"}],"collection":[{"href":"https:\/\/medapp.pl\/en\/wp-json\/wp\/v2\/pages"}],"about":[{"href":"https:\/\/medapp.pl\/en\/wp-json\/wp\/v2\/types\/page"}],"author":[{"embeddable":true,"href":"https:\/\/medapp.pl\/en\/wp-json\/wp\/v2\/users\/9"}],"replies":[{"embeddable":true,"href":"https:\/\/medapp.pl\/en\/wp-json\/wp\/v2\/comments?post=5313"}],"version-history":[{"count":4,"href":"https:\/\/medapp.pl\/en\/wp-json\/wp\/v2\/pages\/5313\/revisions"}],"predecessor-version":[{"id":8129,"href":"https:\/\/medapp.pl\/en\/wp-json\/wp\/v2\/pages\/5313\/revisions\/8129"}],"wp:featuredmedia":[{"embeddable":true,"href":"https:\/\/medapp.pl\/en\/wp-json\/wp\/v2\/media\/3615"}],"wp:attachment":[{"href":"https:\/\/medapp.pl\/en\/wp-json\/wp\/v2\/media?parent=5313"}],"curies":[{"name":"wp","href":"https:\/\/api.w.org\/{rel}","templated":true}]}}